{"id":8,"date":"2026-04-28T07:39:32","date_gmt":"2026-04-28T07:39:32","guid":{"rendered":"https:\/\/oneagainprod.com\/?page_id=8"},"modified":"2026-04-28T10:56:06","modified_gmt":"2026-04-28T10:56:06","slug":"accueil","status":"publish","type":"page","link":"https:\/\/oneagainprod.com\/","title":{"rendered":"Accueil"},"content":{"rendered":"<p><img decoding=\"async\" src=\"\/wp-content\/uploads\/2026\/04\/LOGO-PAGE-ACCUEIL-scaled.png\" alt=\"\"><\/p>\n<blockquote>\n<p style=\"text-align: center;\"><em>Une compagnie avec une identit\u00e9 visuelle et sensible tr\u00e8s forte.<\/em><\/p>\n<\/blockquote>\n<p><img decoding=\"async\" src=\"\/wp-content\/uploads\/2026\/04\/visuel-elise.png\" alt=\"\"><\/p>\n<h2>ONE AGAIN PRODUCTIONS : C\u2019EST QUI, C\u2019EST QUOI ?<\/h2>\n<div>UNE COMPAGNIE DE TH\u00c9\u00c2TRE PLURIDISCIPLINAIRE<\/div>\n<div>\n<p><span>Implant\u00e9e \u00e0 Saintes, en Charente-Maritime, One Again Productions est une compagnie de th\u00e9\u00e2tre pluridisciplinaire qui cr\u00e9e et diffuse des spectacles engag\u00e9s \u00e0 l\u2019esth\u00e9tique forte. Depuis 2019, la compagnie porte les cr\u00e9ations d\u2019\u00c9lise Gautier. Elle y d\u00e9veloppe un langage sc\u00e9nique singulier, nourri de rencontres humaines et de questionnements sociaux autour de l\u2019\u00e9mancipation, du travail et du vivre-ensemble. Selon les projets, ses cr\u00e9ations croisent le th\u00e9\u00e2tre avec d\u2019autres formes artistiques \u2013 gestuelles, visuelles, sonores ou vid\u00e9ographiques \u2013 et s\u2019accompagnent d\u2019actions de m\u00e9diation culturelle. One Again Productions s\u2019inscrit dans un dynamique de territoire et de partenariat.<\/span><\/p>\n<\/div>\n<p><!--more--><br \/>\n<!-- {\"type\":\"layout\",\"children\":[{\"type\":\"section\",\"props\":{\"image_position\":\"center-center\",\"overlap\":true,\"style\":\"\",\"title_breakpoint\":\"xl\",\"title_position\":\"top-left\",\"title_rotation\":\"left\",\"vertical_align\":\"middle\",\"width\":\"default\"},\"children\":[{\"type\":\"row\",\"children\":[{\"type\":\"column\",\"props\":{\"image_position\":\"center-center\",\"position_sticky_breakpoint\":\"m\",\"width_medium\":\"1-2\"},\"children\":[{\"type\":\"image\",\"props\":{\"image\":\"wp-content\/uploads\/2026\/04\/LOGO-PAGE-ACCUEIL-scaled.png\",\"image_svg_color\":\"emphasis\",\"margin_bottom\":\"default\",\"margin_top\":\"default\"}}]},{\"type\":\"column\",\"props\":{\"image_position\":\"center-center\",\"position_sticky_breakpoint\":\"m\",\"vertical_align\":\"middle\",\"width_medium\":\"1-2\"},\"children\":[{\"type\":\"quotation\",\"props\":{\"content\":\"\n\n<p style=\\\"text-align: center;\\\"><em>Une compagnie avec une identit\u00e9 visuelle et sensible tr\u00e8s forte.<\/em><\/p>\n\n\"}}]}],\"props\":{\"layout\":\"1-2,1-2\"}},{\"type\":\"row\",\"children\":[{\"type\":\"column\",\"props\":{\"image_position\":\"center-center\",\"position_sticky_breakpoint\":\"m\"},\"children\":[{\"type\":\"grid\",\"props\":{\"content_column_breakpoint\":\"m\",\"filter_align\":\"left\",\"filter_all\":true,\"filter_grid_breakpoint\":\"m\",\"filter_grid_width\":\"auto\",\"filter_position\":\"top\",\"filter_style\":\"tab\",\"grid_default\":\"1\",\"grid_medium\":\"\",\"image_align\":\"left\",\"image_grid_breakpoint\":\"m\",\"image_grid_width\":\"1-4\",\"image_svg_color\":\"emphasis\",\"item_animation\":true,\"lightbox_bg_close\":true,\"link_style\":\"default\",\"link_text\":\"Read more\",\"margin_bottom\":\"default\",\"margin_top\":\"default\",\"meta_align\":\"below-title\",\"meta_element\":\"div\",\"meta_style\":\"text-meta\",\"panel_padding\":\"default\",\"panel_style\":\"card-default\",\"show_content\":true,\"show_hover_image\":true,\"show_hover_video\":true,\"show_image\":true,\"show_link\":true,\"show_meta\":true,\"show_title\":true,\"show_video\":true,\"status\":\"disabled\",\"title_align\":\"top\",\"title_element\":\"h3\",\"title_grid_breakpoint\":\"m\",\"title_grid_width\":\"1-2\",\"title_hover_style\":\"reset\"},\"children\":[{\"type\":\"grid_item\",\"props\":{\"content\":\"\n\n<p><span style=\\\"font-weight: 400;\\\">Implant\u00e9e \u00e0 Saintes, en Charente-Maritime, One Again Productions est une compagnie de th\u00e9\u00e2tre pluridisciplinaire qui cr\u00e9e et diffuse des spectacles engag\u00e9s \u00e0 l\u2019esth\u00e9tique forte. Depuis 2019, la compagnie porte les cr\u00e9ations d\u2019\u00c9lise Gautier. Elle y d\u00e9veloppe un langage sc\u00e9nique singulier, nourri de rencontres humaines et de questionnements sociaux autour de l\u2019\u00e9mancipation, du travail et du vivre-ensemble. Selon les projets, ses cr\u00e9ations croisent le th\u00e9\u00e2tre avec d\u2019autres formes artistiques - gestuelles, visuelles, sonores ou vid\u00e9ographiques - et s\u2019accompagnent d\u2019actions de m\u00e9diation culturelle. One Again Productions s\u2019inscrit dans un dynamique de territoire et de partenariat.<\/span><\/p>\n\n\",\"image\":\"wp-content\/uploads\/2026\/04\/visuel-elise.png\",\"meta\":\"UNE COMPAGNIE DE TH\u00c9\u00c2TRE PLURIDISCIPLINAIRE\",\"title\":\"ONE AGAIN PRODUCTIONS : C\u2019EST QUI, C\u2019EST QUOI ?\"}}]}]}]},{\"type\":\"row\",\"props\":{\"column_gap\":\"collapse\",\"layout\":\"1-4,3-4\",\"row_gap\":\"collapse\"},\"children\":[{\"type\":\"column\",\"props\":{\"image_position\":\"center-center\",\"position_sticky_breakpoint\":\"m\",\"width_medium\":\"1-4\"},\"children\":[{\"type\":\"image\",\"props\":{\"image\":\"wp-content\/uploads\/2026\/04\/visuel-elise.png\",\"image_svg_color\":\"emphasis\",\"margin_bottom\":\"default\",\"margin_top\":\"default\"}}]},{\"type\":\"column\",\"props\":{\"image_position\":\"center-center\",\"position_sticky_breakpoint\":\"m\",\"style\":\"card-default\",\"vertical_align\":\"middle\",\"width_medium\":\"3-4\"},\"children\":[{\"type\":\"headline\",\"props\":{\"content\":\"ONE AGAIN PRODUCTIONS : C\u2019EST QUI, C\u2019EST QUOI ?\",\"image_align\":\"left\",\"image_margin\":\"xsmall\",\"title_element\":\"h2\"}},{\"type\":\"headline\",\"props\":{\"content\":\"UNE COMPAGNIE DE TH\u00c9\u00c2TRE PLURIDISCIPLINAIRE\",\"image_align\":\"left\",\"image_margin\":\"xsmall\",\"margin_top\":\"remove\",\"title_element\":\"div\",\"title_style\":\"h3\"}},{\"type\":\"text\",\"props\":{\"column_breakpoint\":\"m\",\"content\":\"\n\n<p><span>Implant\u00e9e \u00e0 Saintes, en Charente-Maritime, One Again Productions est une compagnie de th\u00e9\u00e2tre pluridisciplinaire qui cr\u00e9e et diffuse des spectacles engag\u00e9s \u00e0 l\u2019esth\u00e9tique forte. Depuis 2019, la compagnie porte les cr\u00e9ations d\u2019\u00c9lise Gautier. Elle y d\u00e9veloppe un langage sc\u00e9nique singulier, nourri de rencontres humaines et de questionnements sociaux autour de l\u2019\u00e9mancipation, du travail et du vivre-ensemble. Selon les projets, ses cr\u00e9ations croisent le th\u00e9\u00e2tre avec d\u2019autres formes artistiques \u2013 gestuelles, visuelles, sonores ou vid\u00e9ographiques \u2013 et s\u2019accompagnent d\u2019actions de m\u00e9diation culturelle. One Again Productions s\u2019inscrit dans un dynamique de territoire et de partenariat.<\/span><\/p>\n\n\",\"margin_bottom\":\"default\",\"margin_top\":\"default\"}}]}]}]}],\"version\":\"5.0.29\"} --><\/p>\n","protected":false},"excerpt":{"rendered":"<p>Une compagnie avec une identit\u00e9 visuelle et sensible tr\u00e8s forte. ONE AGAIN PRODUCTIONS : C\u2019EST QUI, C\u2019EST QUOI ? UNE COMPAGNIE DE TH\u00c9\u00c2TRE PLURIDISCIPLINAIRE Implant\u00e9e \u00e0 Saintes, en Charente-Maritime, One Again Productions est une compagnie de th\u00e9\u00e2tre pluridisciplinaire qui cr\u00e9e et diffuse des spectacles engag\u00e9s \u00e0 l\u2019esth\u00e9tique forte. Depuis 2019, la compagnie porte les cr\u00e9ations [&hellip;]<\/p>\n","protected":false},"author":1,"featured_media":0,"parent":0,"menu_order":0,"comment_status":"closed","ping_status":"closed","template":"","meta":{"footnotes":""},"class_list":["post-8","page","type-page","status-publish","hentry"],"_links":{"self":[{"href":"https:\/\/oneagainprod.com\/index.php?rest_route=\/wp\/v2\/pages\/8","targetHints":{"allow":["GET"]}}],"collection":[{"href":"https:\/\/oneagainprod.com\/index.php?rest_route=\/wp\/v2\/pages"}],"about":[{"href":"https:\/\/oneagainprod.com\/index.php?rest_route=\/wp\/v2\/types\/page"}],"author":[{"embeddable":true,"href":"https:\/\/oneagainprod.com\/index.php?rest_route=\/wp\/v2\/users\/1"}],"replies":[{"embeddable":true,"href":"https:\/\/oneagainprod.com\/index.php?rest_route=%2Fwp%2Fv2%2Fcomments&post=8"}],"version-history":[{"count":15,"href":"https:\/\/oneagainprod.com\/index.php?rest_route=\/wp\/v2\/pages\/8\/revisions"}],"predecessor-version":[{"id":53,"href":"https:\/\/oneagainprod.com\/index.php?rest_route=\/wp\/v2\/pages\/8\/revisions\/53"}],"wp:attachment":[{"href":"https:\/\/oneagainprod.com\/index.php?rest_route=%2Fwp%2Fv2%2Fmedia&parent=8"}],"curies":[{"name":"wp","href":"https:\/\/api.w.org\/{rel}","templated":true}]}}